{"id":4371,"date":"2024-08-26T19:45:10","date_gmt":"2024-08-26T19:45:10","guid":{"rendered":"https:\/\/www.onlycast.tv\/?page_id=4371"},"modified":"2024-08-26T19:53:39","modified_gmt":"2024-08-26T19:53:39","slug":"newsletter-subscription","status":"publish","type":"page","link":"https:\/\/www.onlycast.tv\/vi\/newsletter-subscription\/","title":{"rendered":"\u0110\u0103ng k\u00fd nh\u1eadn b\u1ea3n tin"},"content":{"rendered":"<div data-elementor-type=\"wp-page\" data-elementor-id=\"4371\" class=\"elementor elementor-4371\" data-elementor-post-type=\"page\">\n\t\t\t\t\t\t<section class=\"elementor-section elementor-top-section elementor-element elementor-element-629abe8 elementor-section-boxed elementor-section-height-default elementor-section-height-default\" data-id=\"629abe8\" data-element_type=\"section\" data-settings=\"{&quot;jet_parallax_layout_list&quot;:[]}\">\n\t\t\t\t\t\t<div class=\"elementor-container elementor-column-gap-default\">\n\t\t\t\t\t<div class=\"elementor-column elementor-col-100 elementor-top-column elementor-element elementor-element-c3b7c6c\" data-id=\"c3b7c6c\" data-element_type=\"column\">\n\t\t\t<div class=\"elementor-widget-wrap elementor-element-populated\">\n\t\t\t\t\t\t<div class=\"elementor-element elementor-element-10eb522 elementor-widget elementor-widget-heading\" data-id=\"10eb522\" data-element_type=\"widget\" data-widget_type=\"heading.default\">\n\t\t\t\t<div class=\"elementor-widget-container\">\n\t\t\t\t\t<h2 class=\"elementor-heading-title elementor-size-default\">\u0110\u0103ng k\u00fd nh\u1eadn b\u1ea3n tin<\/h2>\t\t\t\t<\/div>\n\t\t\t\t<\/div>\n\t\t\t\t<section class=\"elementor-section elementor-inner-section elementor-element elementor-element-9c2eb89 elementor-section-boxed elementor-section-height-default elementor-section-height-default\" data-id=\"9c2eb89\" data-element_type=\"section\" data-settings=\"{&quot;jet_parallax_layout_list&quot;:[{&quot;jet_parallax_layout_image&quot;:{&quot;url&quot;:&quot;&quot;,&quot;id&quot;:&quot;&quot;,&quot;size&quot;:&quot;&quot;},&quot;_id&quot;:&quot;eef98e6&quot;,&quot;jet_parallax_layout_image_tablet&quot;:{&quot;url&quot;:&quot;&quot;,&quot;id&quot;:&quot;&quot;,&quot;size&quot;:&quot;&quot;},&quot;jet_parallax_layout_image_mobile&quot;:{&quot;url&quot;:&quot;&quot;,&quot;id&quot;:&quot;&quot;,&quot;size&quot;:&quot;&quot;},&quot;jet_parallax_layout_speed&quot;:{&quot;unit&quot;:&quot;%&quot;,&quot;size&quot;:50,&quot;sizes&quot;:[]},&quot;jet_parallax_layout_type&quot;:&quot;scroll&quot;,&quot;jet_parallax_layout_direction&quot;:&quot;1&quot;,&quot;jet_parallax_layout_fx_direction&quot;:null,&quot;jet_parallax_layout_z_index&quot;:&quot;&quot;,&quot;jet_parallax_layout_bg_x&quot;:50,&quot;jet_parallax_layout_bg_x_tablet&quot;:&quot;&quot;,&quot;jet_parallax_layout_bg_x_mobile&quot;:&quot;&quot;,&quot;jet_parallax_layout_bg_y&quot;:50,&quot;jet_parallax_layout_bg_y_tablet&quot;:&quot;&quot;,&quot;jet_parallax_layout_bg_y_mobile&quot;:&quot;&quot;,&quot;jet_parallax_layout_bg_size&quot;:&quot;auto&quot;,&quot;jet_parallax_layout_bg_size_tablet&quot;:&quot;&quot;,&quot;jet_parallax_layout_bg_size_mobile&quot;:&quot;&quot;,&quot;jet_parallax_layout_animation_prop&quot;:&quot;transform&quot;,&quot;jet_parallax_layout_on&quot;:[&quot;desktop&quot;,&quot;tablet&quot;]}]}\">\n\t\t\t\t\t\t<div class=\"elementor-container elementor-column-gap-default\">\n\t\t\t\t\t<div class=\"elementor-column elementor-col-50 elementor-inner-column elementor-element elementor-element-5aa299a\" data-id=\"5aa299a\" data-element_type=\"column\">\n\t\t\t<div class=\"elementor-widget-wrap elementor-element-populated\">\n\t\t\t\t\t\t<div class=\"elementor-element elementor-element-78c2797 elementor-widget elementor-widget-text-editor\" data-id=\"78c2797\" data-element_type=\"widget\" data-widget_type=\"text-editor.default\">\n\t\t\t\t<div class=\"elementor-widget-container\">\n\t\t\t\t\t\t\t\t\t<p><span style=\"color: #545f6b; font-size: 20px; letter-spacing: 0.3px;\">Ch\u00fang t\u00f4i lu\u00f4n mong \u0111\u1ee3i c\u00e1c m\u1ed1i quan h\u1ec7 m\u1edbi v\u00e0 s\u1eb5n s\u00e0ng cho s\u1ef1 h\u1ee3p t\u00e1c hi\u1ec7u qu\u1ea3.<\/span><\/p>\t\t\t\t\t\t\t\t<\/div>\n\t\t\t\t<\/div>\n\t\t\t\t\t<\/div>\n\t\t<\/div>\n\t\t\t\t<div class=\"elementor-column elementor-col-50 elementor-inner-column elementor-element elementor-element-af684f1\" data-id=\"af684f1\" data-element_type=\"column\">\n\t\t\t<div class=\"elementor-widget-wrap elementor-element-populated\">\n\t\t\t\t\t\t<div class=\"elementor-element elementor-element-1817379 elementor-button-align-stretch elementor-widget elementor-widget-form\" data-id=\"1817379\" data-element_type=\"widget\" data-settings=\"{&quot;step_next_label&quot;:&quot;Next&quot;,&quot;step_previous_label&quot;:&quot;Previous&quot;,&quot;button_width&quot;:&quot;100&quot;,&quot;step_type&quot;:&quot;number_text&quot;,&quot;step_icon_shape&quot;:&quot;circle&quot;}\" data-widget_type=\"form.default\">\n\t\t\t\t<div class=\"elementor-widget-container\">\n\t\t\t\t\t\t\t<form class=\"elementor-form\" method=\"post\" name=\"New Form\" aria-label=\"New Form\" action=\"\">\n\t\t\t<input type=\"hidden\" name=\"post_id\" value=\"4371\"\/>\n\t\t\t<input type=\"hidden\" name=\"form_id\" value=\"1817379\"\/>\n\t\t\t<input type=\"hidden\" name=\"referer_title\" value=\"Newsletter Subscription - OnlyCast\" \/>\n\n\t\t\t\t\t\t\t<input type=\"hidden\" name=\"queried_id\" value=\"4371\"\/>\n\t\t\t\n\t\t\t<div class=\"elementor-form-fields-wrapper elementor-labels-\">\n\t\t\t\t\t\t\t\t<div class=\"elementor-field-type-email elementor-field-group elementor-column elementor-field-group-email elementor-col-100 elementor-field-required\">\n\t\t\t\t\t\t\t\t\t\t\t\t<label for=\"form-field-email\" class=\"elementor-field-label elementor-screen-only\">\n\t\t\t\t\t\t\t\tEmail\t\t\t\t\t\t\t<\/label>\n\t\t\t\t\t\t\t\t\t\t\t\t\t\t<input size=\"1\" type=\"email\" name=\"form_fields[email]\" id=\"form-field-email\" class=\"elementor-field elementor-size-sm  elementor-field-textual\" placeholder=\"Email\" required=\"required\">\n\t\t\t\t\t\t\t\t\t\t\t<\/div>\n\t\t\t\t\t\t\t\t<div class=\"elementor-field-group elementor-column elementor-field-type-submit elementor-col-100 e-form__buttons\">\n\t\t\t\t\t<button class=\"elementor-button elementor-size-sm\" type=\"submit\">\n\t\t\t\t\t\t<span class=\"elementor-button-content-wrapper\">\n\t\t\t\t\t\t\t\t\t\t\t\t\t\t\t\t\t\t\t\t\t\t<span class=\"elementor-button-text\">G\u1eedi<\/span>\n\t\t\t\t\t\t\t\t\t\t\t\t\t<\/span>\n\t\t\t\t\t<\/button>\n\t\t\t\t<\/div>\n\t\t\t<\/div>\n\t\t<input type=\"hidden\" name=\"trp-form-language\" value=\"vi\"\/><\/form>\n\t\t\t\t\t\t<\/div>\n\t\t\t\t<\/div>\n\t\t\t\t\t<\/div>\n\t\t<\/div>\n\t\t\t\t\t<\/div>\n\t\t<\/section>\n\t\t\t\t<div class=\"elementor-element elementor-element-be8c1e1 elementor-widget elementor-widget-spacer\" data-id=\"be8c1e1\" data-element_type=\"widget\" data-widget_type=\"spacer.default\">\n\t\t\t\t<div class=\"elementor-widget-container\">\n\t\t\t\t\t\t\t<div class=\"elementor-spacer\">\n\t\t\t<div class=\"elementor-spacer-inner\"><\/div>\n\t\t<\/div>\n\t\t\t\t\t\t<\/div>\n\t\t\t\t<\/div>\n\t\t\t\t\t<\/div>\n\t\t<\/div>\n\t\t\t\t\t<\/div>\n\t\t<\/section>\n\t\t\t\t<section class=\"elementor-section elementor-top-section elementor-element elementor-element-1652c8b elementor-section-boxed elementor-section-height-default elementor-section-height-default\" data-id=\"1652c8b\" data-element_type=\"section\" data-settings=\"{&quot;jet_parallax_layout_list&quot;:[]}\">\n\t\t\t\t\t\t<div class=\"elementor-container elementor-column-gap-default\">\n\t\t\t\t\t<div class=\"elementor-column elementor-col-100 elementor-top-column elementor-element elementor-element-f11ec07\" data-id=\"f11ec07\" data-element_type=\"column\">\n\t\t\t<div class=\"elementor-widget-wrap elementor-element-populated\">\n\t\t\t\t\t\t<div class=\"elementor-element elementor-element-87249ab elementor-widget elementor-widget-image\" data-id=\"87249ab\" data-element_type=\"widget\" data-widget_type=\"image.default\">\n\t\t\t\t<div class=\"elementor-widget-container\">\n\t\t\t\t\t\t\t\t\t\t\t\t\t\t\t<img fetchpriority=\"high\" decoding=\"async\" width=\"500\" height=\"375\" src=\"https:\/\/www.onlycast.tv\/wp-content\/uploads\/2024\/08\/Brochure_Mockup1.png\" class=\"attachment-large size-large wp-image-4377\" alt=\"download onlycast hotel cast solution brochure\" srcset=\"https:\/\/www.onlycast.tv\/wp-content\/uploads\/2024\/08\/Brochure_Mockup1.png 500w, https:\/\/www.onlycast.tv\/wp-content\/uploads\/2024\/08\/Brochure_Mockup1-300x225.png 300w, https:\/\/www.onlycast.tv\/wp-content\/uploads\/2024\/08\/Brochure_Mockup1-16x12.png 16w\" sizes=\"(max-width: 500px) 100vw, 500px\" \/>\t\t\t\t\t\t\t\t\t\t\t\t\t\t\t<\/div>\n\t\t\t\t<\/div>\n\t\t\t\t\t<\/div>\n\t\t<\/div>\n\t\t\t\t\t<\/div>\n\t\t<\/section>\n\t\t\t\t<\/div>","protected":false},"excerpt":{"rendered":"<p>Newsletter subscription We are always looking forward to new contacts and ready for fruitful cooperation.<\/p>","protected":false},"author":5,"featured_media":0,"parent":0,"menu_order":0,"comment_status":"closed","ping_status":"closed","template":"","meta":{"footnotes":""},"class_list":["post-4371","page","type-page","status-publish","hentry"],"yoast_head":"<!-- This site is optimized with the Yoast SEO plugin v26.3 - https:\/\/yoast.com\/wordpress\/plugins\/seo\/ -->\n<title>Newsletter Subscription - OnlyCast<\/title>\n<meta name=\"description\" content=\"Subscribe to our newsletter for updates about the latest in hospitality technology.\" \/>\n<meta name=\"robots\" content=\"index, follow, max-snippet:-1, max-image-preview:large, max-video-preview:-1\" \/>\n<link rel=\"canonical\" href=\"https:\/\/www.onlycast.tv\/vi\/newsletter-subscription\/\" \/>\n<meta property=\"og:locale\" content=\"vi_VN\" \/>\n<meta property=\"og:type\" content=\"article\" \/>\n<meta property=\"og:title\" content=\"Newsletter Subscription - OnlyCast\" \/>\n<meta property=\"og:description\" content=\"Subscribe to our newsletter for updates about the latest in hospitality technology.\" \/>\n<meta property=\"og:url\" content=\"https:\/\/www.onlycast.tv\/vi\/newsletter-subscription\/\" \/>\n<meta property=\"og:site_name\" content=\"OnlyCast\" \/>\n<meta property=\"article:publisher\" content=\"https:\/\/www.facebook.com\/solvacom\" \/>\n<meta property=\"article:modified_time\" content=\"2024-08-26T19:53:39+00:00\" \/>\n<meta property=\"og:image\" content=\"https:\/\/www.onlycast.tv\/wp-content\/uploads\/2024\/08\/Brochure_Mockup1.png\" \/>\n<meta name=\"twitter:card\" content=\"summary_large_image\" \/>\n<meta name=\"twitter:site\" content=\"@solvacom\" \/>\n<meta name=\"twitter:label1\" content=\"\u01af\u1edbc t\u00ednh th\u1eddi gian \u0111\u1ecdc\" \/>\n\t<meta name=\"twitter:data1\" content=\"1 ph\u00fat\" \/>\n<script type=\"application\/ld+json\" class=\"yoast-schema-graph\">{\"@context\":\"https:\/\/schema.org\",\"@graph\":[{\"@type\":\"WebPage\",\"@id\":\"https:\/\/www.onlycast.tv\/newsletter-subscription\/\",\"url\":\"https:\/\/www.onlycast.tv\/newsletter-subscription\/\",\"name\":\"Newsletter Subscription - OnlyCast\",\"isPartOf\":{\"@id\":\"https:\/\/www.onlycast.tv\/es\/#website\"},\"primaryImageOfPage\":{\"@id\":\"https:\/\/www.onlycast.tv\/newsletter-subscription\/#primaryimage\"},\"image\":{\"@id\":\"https:\/\/www.onlycast.tv\/newsletter-subscription\/#primaryimage\"},\"thumbnailUrl\":\"https:\/\/www.onlycast.tv\/wp-content\/uploads\/2024\/08\/Brochure_Mockup1.png\",\"datePublished\":\"2024-08-26T19:45:10+00:00\",\"dateModified\":\"2024-08-26T19:53:39+00:00\",\"description\":\"Subscribe to our newsletter for updates about the latest in hospitality technology.\",\"breadcrumb\":{\"@id\":\"https:\/\/www.onlycast.tv\/newsletter-subscription\/#breadcrumb\"},\"inLanguage\":\"vi\",\"potentialAction\":[{\"@type\":\"ReadAction\",\"target\":[\"https:\/\/www.onlycast.tv\/newsletter-subscription\/\"]}]},{\"@type\":\"ImageObject\",\"inLanguage\":\"vi\",\"@id\":\"https:\/\/www.onlycast.tv\/newsletter-subscription\/#primaryimage\",\"url\":\"https:\/\/www.onlycast.tv\/wp-content\/uploads\/2024\/08\/Brochure_Mockup1.png\",\"contentUrl\":\"https:\/\/www.onlycast.tv\/wp-content\/uploads\/2024\/08\/Brochure_Mockup1.png\"},{\"@type\":\"BreadcrumbList\",\"@id\":\"https:\/\/www.onlycast.tv\/newsletter-subscription\/#breadcrumb\",\"itemListElement\":[{\"@type\":\"ListItem\",\"position\":1,\"name\":\"Home\",\"item\":\"https:\/\/www.onlycast.tv\/\"},{\"@type\":\"ListItem\",\"position\":2,\"name\":\"Newsletter Subscription\"}]},{\"@type\":\"WebSite\",\"@id\":\"https:\/\/www.onlycast.tv\/es\/#website\",\"url\":\"https:\/\/www.onlycast.tv\/es\/\",\"name\":\"Onlycast - Chromecast solution for hotels\",\"description\":\"Simple TV cast solution for hotels\",\"publisher\":{\"@id\":\"https:\/\/www.onlycast.tv\/es\/#organization\"},\"potentialAction\":[{\"@type\":\"SearchAction\",\"target\":{\"@type\":\"EntryPoint\",\"urlTemplate\":\"https:\/\/www.onlycast.tv\/es\/?s={search_term_string}\"},\"query-input\":{\"@type\":\"PropertyValueSpecification\",\"valueRequired\":true,\"valueName\":\"search_term_string\"}}],\"inLanguage\":\"vi\"},{\"@type\":\"Organization\",\"@id\":\"https:\/\/www.onlycast.tv\/es\/#organization\",\"name\":\"Onlycast\",\"url\":\"https:\/\/www.onlycast.tv\/es\/\",\"logo\":{\"@type\":\"ImageObject\",\"inLanguage\":\"vi\",\"@id\":\"https:\/\/www.onlycast.tv\/es\/#\/schema\/logo\/image\/\",\"url\":\"https:\/\/www.onlycast.tv\/wp-content\/uploads\/2020\/04\/favicon.ico\",\"contentUrl\":\"https:\/\/www.onlycast.tv\/wp-content\/uploads\/2020\/04\/favicon.ico\",\"width\":48,\"height\":48,\"caption\":\"Onlycast\"},\"image\":{\"@id\":\"https:\/\/www.onlycast.tv\/es\/#\/schema\/logo\/image\/\"},\"sameAs\":[\"https:\/\/www.facebook.com\/solvacom\",\"https:\/\/x.com\/solvacom\",\"https:\/\/www.instagram.com\/solvacom1\/\",\"http:\/\/www.linkedin.com\/company\/solvacom\"]}]}<\/script>\n<!-- \/ Yoast SEO plugin. -->","yoast_head_json":{"title":"Newsletter Subscription - OnlyCast","description":"Subscribe to our newsletter for updates about the latest in hospitality technology.","robots":{"index":"index","follow":"follow","max-snippet":"max-snippet:-1","max-image-preview":"max-image-preview:large","max-video-preview":"max-video-preview:-1"},"canonical":"https:\/\/www.onlycast.tv\/vi\/newsletter-subscription\/","og_locale":"vi_VN","og_type":"article","og_title":"Newsletter Subscription - OnlyCast","og_description":"Subscribe to our newsletter for updates about the latest in hospitality technology.","og_url":"https:\/\/www.onlycast.tv\/vi\/newsletter-subscription\/","og_site_name":"OnlyCast","article_publisher":"https:\/\/www.facebook.com\/solvacom","article_modified_time":"2024-08-26T19:53:39+00:00","og_image":[{"url":"https:\/\/www.onlycast.tv\/wp-content\/uploads\/2024\/08\/Brochure_Mockup1.png","type":"","width":"","height":""}],"twitter_card":"summary_large_image","twitter_site":"@solvacom","twitter_misc":{"\u01af\u1edbc t\u00ednh th\u1eddi gian \u0111\u1ecdc":"1 ph\u00fat"},"schema":{"@context":"https:\/\/schema.org","@graph":[{"@type":"WebPage","@id":"https:\/\/www.onlycast.tv\/newsletter-subscription\/","url":"https:\/\/www.onlycast.tv\/newsletter-subscription\/","name":"Newsletter Subscription - OnlyCast","isPartOf":{"@id":"https:\/\/www.onlycast.tv\/es\/#website"},"primaryImageOfPage":{"@id":"https:\/\/www.onlycast.tv\/newsletter-subscription\/#primaryimage"},"image":{"@id":"https:\/\/www.onlycast.tv\/newsletter-subscription\/#primaryimage"},"thumbnailUrl":"https:\/\/www.onlycast.tv\/wp-content\/uploads\/2024\/08\/Brochure_Mockup1.png","datePublished":"2024-08-26T19:45:10+00:00","dateModified":"2024-08-26T19:53:39+00:00","description":"Subscribe to our newsletter for updates about the latest in hospitality technology.","breadcrumb":{"@id":"https:\/\/www.onlycast.tv\/newsletter-subscription\/#breadcrumb"},"inLanguage":"vi","potentialAction":[{"@type":"ReadAction","target":["https:\/\/www.onlycast.tv\/newsletter-subscription\/"]}]},{"@type":"ImageObject","inLanguage":"vi","@id":"https:\/\/www.onlycast.tv\/newsletter-subscription\/#primaryimage","url":"https:\/\/www.onlycast.tv\/wp-content\/uploads\/2024\/08\/Brochure_Mockup1.png","contentUrl":"https:\/\/www.onlycast.tv\/wp-content\/uploads\/2024\/08\/Brochure_Mockup1.png"},{"@type":"BreadcrumbList","@id":"https:\/\/www.onlycast.tv\/newsletter-subscription\/#breadcrumb","itemListElement":[{"@type":"ListItem","position":1,"name":"Home","item":"https:\/\/www.onlycast.tv\/"},{"@type":"ListItem","position":2,"name":"Newsletter Subscription"}]},{"@type":"WebSite","@id":"https:\/\/www.onlycast.tv\/es\/#website","url":"https:\/\/www.onlycast.tv\/es\/","name":"OnlyCast - Gi\u1ea3i ph\u00e1p Chromecast cho kh\u00e1ch s\u1ea1n","description":"Gi\u1ea3i ph\u00e1p \u0111\u01a1n gi\u1ea3n ph\u00e1t s\u00f3ng TV cho kh\u00e1ch s\u1ea1n","publisher":{"@id":"https:\/\/www.onlycast.tv\/es\/#organization"},"potentialAction":[{"@type":"SearchAction","target":{"@type":"EntryPoint","urlTemplate":"https:\/\/www.onlycast.tv\/es\/?s={search_term_string}"},"query-input":{"@type":"PropertyValueSpecification","valueRequired":true,"valueName":"search_term_string"}}],"inLanguage":"vi"},{"@type":"Organization","@id":"https:\/\/www.onlycast.tv\/es\/#organization","name":"Onlycast","url":"https:\/\/www.onlycast.tv\/es\/","logo":{"@type":"ImageObject","inLanguage":"vi","@id":"https:\/\/www.onlycast.tv\/es\/#\/schema\/logo\/image\/","url":"https:\/\/www.onlycast.tv\/wp-content\/uploads\/2020\/04\/favicon.ico","contentUrl":"https:\/\/www.onlycast.tv\/wp-content\/uploads\/2020\/04\/favicon.ico","width":48,"height":48,"caption":"Onlycast"},"image":{"@id":"https:\/\/www.onlycast.tv\/es\/#\/schema\/logo\/image\/"},"sameAs":["https:\/\/www.facebook.com\/solvacom","https:\/\/x.com\/solvacom","https:\/\/www.instagram.com\/solvacom1\/","http:\/\/www.linkedin.com\/company\/solvacom"]}]}},"_links":{"self":[{"href":"https:\/\/www.onlycast.tv\/vi\/wp-json\/wp\/v2\/pages\/4371","targetHints":{"allow":["GET"]}}],"collection":[{"href":"https:\/\/www.onlycast.tv\/vi\/wp-json\/wp\/v2\/pages"}],"about":[{"href":"https:\/\/www.onlycast.tv\/vi\/wp-json\/wp\/v2\/types\/page"}],"author":[{"embeddable":true,"href":"https:\/\/www.onlycast.tv\/vi\/wp-json\/wp\/v2\/users\/5"}],"replies":[{"embeddable":true,"href":"https:\/\/www.onlycast.tv\/vi\/wp-json\/wp\/v2\/comments?post=4371"}],"version-history":[{"count":9,"href":"https:\/\/www.onlycast.tv\/vi\/wp-json\/wp\/v2\/pages\/4371\/revisions"}],"predecessor-version":[{"id":4381,"href":"https:\/\/www.onlycast.tv\/vi\/wp-json\/wp\/v2\/pages\/4371\/revisions\/4381"}],"wp:attachment":[{"href":"https:\/\/www.onlycast.tv\/vi\/wp-json\/wp\/v2\/media?parent=4371"}],"curies":[{"name":"wp","href":"https:\/\/api.w.org\/{rel}","templated":true}]}}