{"id":3433,"date":"2024-11-12T14:55:23","date_gmt":"2024-11-12T14:55:23","guid":{"rendered":"https:\/\/www.onlycast.tv\/?page_id=3433"},"modified":"2025-01-13T17:07:55","modified_gmt":"2025-01-13T17:07:55","slug":"hop-tac","status":"publish","type":"page","link":"https:\/\/www.onlycast.tv\/vi\/hop-tac\/","title":{"rendered":"H\u1ee3p t\u00e1c"},"content":{"rendered":"<div data-elementor-type=\"wp-page\" data-elementor-id=\"3433\" class=\"elementor elementor-3433\" data-elementor-post-type=\"page\">\n\t\t\t\t<div class=\"elementor-element elementor-element-3e493b3 e-flex e-con-boxed e-con e-parent\" data-id=\"3e493b3\" data-element_type=\"container\" data-settings=\"{&quot;jet_parallax_layout_list&quot;:[],&quot;background_background&quot;:&quot;gradient&quot;,&quot;shape_divider_bottom&quot;:&quot;waves&quot;}\">\n\t\t\t\t\t<div class=\"e-con-inner\">\n\t\t\t\t<div class=\"elementor-shape elementor-shape-bottom\" aria-hidden=\"true\" data-negative=\"false\">\n\t\t\t<svg xmlns=\"http:\/\/www.w3.org\/2000\/svg\" viewbox=\"0 0 1000 100\" preserveaspectratio=\"none\">\n\t<path class=\"elementor-shape-fill\" d=\"M421.9,6.5c22.6-2.5,51.5,0.4,75.5,5.3c23.6,4.9,70.9,23.5,100.5,35.7c75.8,32.2,133.7,44.5,192.6,49.7\tc23.6,2.1,48.7,3.5,103.4-2.5c54.7-6,106.2-25.6,106.2-25.6V0H0v30.3c0,0,72,32.6,158.4,30.5c39.2-0.7,92.8-6.7,134-22.4\tc21.2-8.1,52.2-18.2,79.7-24.2C399.3,7.9,411.6,7.5,421.9,6.5z\"\/>\n<\/svg>\t\t<\/div>\n\t\t\t\t<div class=\"elementor-element elementor-element-86160a2 elementor-widget elementor-widget-spacer\" data-id=\"86160a2\" data-element_type=\"widget\" data-widget_type=\"spacer.default\">\n\t\t\t\t<div class=\"elementor-widget-container\">\n\t\t\t\t\t\t\t<div class=\"elementor-spacer\">\n\t\t\t<div class=\"elementor-spacer-inner\"><\/div>\n\t\t<\/div>\n\t\t\t\t\t\t<\/div>\n\t\t\t\t<\/div>\n\t\t\t\t<div class=\"elementor-element elementor-element-e7b1fe7 elementor-widget elementor-widget-heading\" data-id=\"e7b1fe7\" data-element_type=\"widget\" data-widget_type=\"heading.default\">\n\t\t\t\t<div class=\"elementor-widget-container\">\n\t\t\t\t\t<h1 class=\"elementor-heading-title elementor-size-default\">H\u1ee3p t\u00e1c<\/h1>\t\t\t\t<\/div>\n\t\t\t\t<\/div>\n\t\t\t\t<div class=\"elementor-element elementor-element-4b6cb9b elementor-widget elementor-widget-text-editor\" data-id=\"4b6cb9b\" data-element_type=\"widget\" data-widget_type=\"text-editor.default\">\n\t\t\t\t<div class=\"elementor-widget-container\">\n\t\t\t\t\t\t\t\t\t<p>OnlyCast c\u00f3 m\u1eb7t tr\u00ean to\u00e0n th\u1ebf gi\u1edbi nh\u1edd s\u1ef1 h\u1ed7 tr\u1ee3 v\u00f4 gi\u00e1 v\u00e0 h\u1ee3p t\u00e1c c\u1ee7a c\u00e1c \u0111\u1ed1i t\u00e1c \u0111\u1ecba ph\u01b0\u01a1ng. Ch\u00fang t\u00f4i lu\u00f4n vui m\u1eebng ch\u00e0o \u0111\u00f3n c\u00e1c \u0111\u1ed1i t\u00e1c m\u1edbi mong mu\u1ed1n mang OnlyCast \u0111\u1ebfn v\u1edbi c\u1ed9ng \u0111\u1ed3ng \u0111\u1ecba ph\u01b0\u01a1ng c\u1ee7a h\u1ecd.<\/p>\t\t\t\t\t\t\t\t<\/div>\n\t\t\t\t<\/div>\n\t\t\t\t<div class=\"elementor-element elementor-element-f48de0a elementor-widget elementor-widget-spacer\" data-id=\"f48de0a\" data-element_type=\"widget\" data-widget_type=\"spacer.default\">\n\t\t\t\t<div class=\"elementor-widget-container\">\n\t\t\t\t\t\t\t<div class=\"elementor-spacer\">\n\t\t\t<div class=\"elementor-spacer-inner\"><\/div>\n\t\t<\/div>\n\t\t\t\t\t\t<\/div>\n\t\t\t\t<\/div>\n\t\t\t\t\t<\/div>\n\t\t\t\t<\/div>\n\t\t\t\t<section class=\"elementor-section elementor-top-section elementor-element elementor-element-ec4099d elementor-section-full_width elementor-hidden-tablet elementor-section-height-default elementor-section-height-default\" data-id=\"ec4099d\" data-element_type=\"section\" data-settings=\"{&quot;jet_parallax_layout_list&quot;:[]}\">\n\t\t\t\t\t\t<div class=\"elementor-container elementor-column-gap-wide\">\n\t\t\t\t\t<div class=\"elementor-column elementor-col-50 elementor-top-column elementor-element elementor-element-e0a931c\" data-id=\"e0a931c\" data-element_type=\"column\">\n\t\t\t<div class=\"elementor-widget-wrap elementor-element-populated\">\n\t\t\t\t\t\t<div class=\"elementor-element elementor-element-0d254c5 elementor-cta--skin-cover elementor-animated-content elementor-bg-transform elementor-bg-transform-zoom-in elementor-widget elementor-widget-call-to-action\" data-id=\"0d254c5\" data-element_type=\"widget\" data-widget_type=\"call-to-action.default\">\n\t\t\t\t<div class=\"elementor-widget-container\">\n\t\t\t\t\t\t\t<a class=\"elementor-cta\" href=\"https:\/\/www.onlycast.tv\/find-a-partner\/\">\n\t\t\t\t\t<div class=\"elementor-cta__bg-wrapper\">\n\t\t\t\t<div class=\"elementor-cta__bg elementor-bg\" style=\"background-image: url(https:\/\/www.onlycast.tv\/wp-content\/uploads\/2024\/05\/male-receptionist-suit-offering-room-key-1024x612.jpg);\" role=\"img\" aria-label=\"check in at hotel, receptionist handing room key\"><\/div>\n\t\t\t\t<div class=\"elementor-cta__bg-overlay\"><\/div>\n\t\t\t<\/div>\n\t\t\t\t\t\t\t<div class=\"elementor-cta__content\">\n\t\t\t\t\n\t\t\t\t\t\t\t\t\t<h2 class=\"elementor-cta__title elementor-cta__content-item elementor-content-item elementor-animated-item--grow\">\n\t\t\t\t\t\tT\u00ecm \u0110\u1ed1i t\u00e1c\t\t\t\t\t<\/h2>\n\t\t\t\t\n\t\t\t\t\n\t\t\t\t\t\t\t\t\t<div class=\"elementor-cta__button-wrapper elementor-cta__content-item elementor-content-item elementor-animated-item--grow\">\n\t\t\t\t\t<span class=\"elementor-cta__button elementor-button elementor-size-\">\n\t\t\t\t\t\t\u0110i\t\t\t\t\t<\/span>\n\t\t\t\t\t<\/div>\n\t\t\t\t\t\t\t<\/div>\n\t\t\t\t\t\t<\/a>\n\t\t\t\t\t\t<\/div>\n\t\t\t\t<\/div>\n\t\t\t\t\t<\/div>\n\t\t<\/div>\n\t\t\t\t<div class=\"elementor-column elementor-col-50 elementor-top-column elementor-element elementor-element-4643383\" data-id=\"4643383\" data-element_type=\"column\">\n\t\t\t<div class=\"elementor-widget-wrap elementor-element-populated\">\n\t\t\t\t\t\t<div class=\"elementor-element elementor-element-921f4ab elementor-cta--skin-cover elementor-animated-content elementor-bg-transform elementor-bg-transform-zoom-in elementor-widget elementor-widget-call-to-action\" data-id=\"921f4ab\" data-element_type=\"widget\" data-widget_type=\"call-to-action.default\">\n\t\t\t\t<div class=\"elementor-widget-container\">\n\t\t\t\t\t\t\t<a class=\"elementor-cta\" href=\"https:\/\/www.onlycast.tv\/become-a-partner\/\">\n\t\t\t\t\t<div class=\"elementor-cta__bg-wrapper\">\n\t\t\t\t<div class=\"elementor-cta__bg elementor-bg\" style=\"background-image: url(https:\/\/www.onlycast.tv\/wp-content\/uploads\/2024\/05\/3d-futuristic-background-with-low-poly-plexus-design-1024x768.jpg);\" role=\"img\" aria-label=\"3D render of a futuristic background with low poly plexus design\"><\/div>\n\t\t\t\t<div class=\"elementor-cta__bg-overlay\"><\/div>\n\t\t\t<\/div>\n\t\t\t\t\t\t\t<div class=\"elementor-cta__content\">\n\t\t\t\t\n\t\t\t\t\t\t\t\t\t<h2 class=\"elementor-cta__title elementor-cta__content-item elementor-content-item elementor-animated-item--grow\">\n\t\t\t\t\t\tTr\u1edf th\u00e0nh \u0110\u1ed1i t\u00e1c\t\t\t\t\t<\/h2>\n\t\t\t\t\n\t\t\t\t\n\t\t\t\t\t\t\t\t\t<div class=\"elementor-cta__button-wrapper elementor-cta__content-item elementor-content-item elementor-animated-item--grow\">\n\t\t\t\t\t<span class=\"elementor-cta__button elementor-button elementor-size-\">\n\t\t\t\t\t\t \u0110i\t\t\t\t\t<\/span>\n\t\t\t\t\t<\/div>\n\t\t\t\t\t\t\t<\/div>\n\t\t\t\t\t\t<\/a>\n\t\t\t\t\t\t<\/div>\n\t\t\t\t<\/div>\n\t\t\t\t\t<\/div>\n\t\t<\/div>\n\t\t\t\t\t<\/div>\n\t\t<\/section>\n\t\t<div class=\"elementor-element elementor-element-d779a20 e-con-full elementor-hidden-desktop elementor-hidden-mobile e-flex e-con e-parent\" data-id=\"d779a20\" data-element_type=\"container\" data-settings=\"{&quot;jet_parallax_layout_list&quot;:[]}\">\n\t\t<div class=\"elementor-element elementor-element-e1dc282 e-con-full e-flex e-con e-child\" data-id=\"e1dc282\" data-element_type=\"container\" data-settings=\"{&quot;jet_parallax_layout_list&quot;:[]}\">\n\t\t\t\t<div class=\"elementor-element elementor-element-8d68617 elementor-cta--skin-cover elementor-animated-content elementor-bg-transform elementor-bg-transform-zoom-in elementor-widget elementor-widget-call-to-action\" data-id=\"8d68617\" data-element_type=\"widget\" data-widget_type=\"call-to-action.default\">\n\t\t\t\t<div class=\"elementor-widget-container\">\n\t\t\t\t\t\t\t<a class=\"elementor-cta\" href=\"https:\/\/www.onlycast.tv\/find-a-partner\/\">\n\t\t\t\t\t<div class=\"elementor-cta__bg-wrapper\">\n\t\t\t\t<div class=\"elementor-cta__bg elementor-bg\" style=\"background-image: url(https:\/\/www.onlycast.tv\/wp-content\/uploads\/2024\/05\/male-receptionist-suit-offering-room-key-1024x612.jpg);\" role=\"img\" aria-label=\"check in at hotel, receptionist handing room key\"><\/div>\n\t\t\t\t<div class=\"elementor-cta__bg-overlay\"><\/div>\n\t\t\t<\/div>\n\t\t\t\t\t\t\t<div class=\"elementor-cta__content\">\n\t\t\t\t\n\t\t\t\t\t\t\t\t\t<h2 class=\"elementor-cta__title elementor-cta__content-item elementor-content-item elementor-animated-item--grow\">\n\t\t\t\t\t\tT\u00ecm \u0110\u1ed1i t\u00e1c\t\t\t\t\t<\/h2>\n\t\t\t\t\n\t\t\t\t\n\t\t\t\t\t\t\t\t\t<div class=\"elementor-cta__button-wrapper elementor-cta__content-item elementor-content-item elementor-animated-item--grow\">\n\t\t\t\t\t<span class=\"elementor-cta__button elementor-button elementor-size-\">\n\t\t\t\t\t\t\u0110i\t\t\t\t\t<\/span>\n\t\t\t\t\t<\/div>\n\t\t\t\t\t\t\t<\/div>\n\t\t\t\t\t\t<\/a>\n\t\t\t\t\t\t<\/div>\n\t\t\t\t<\/div>\n\t\t\t\t<\/div>\n\t\t<div class=\"elementor-element elementor-element-f01ecaa e-con-full e-flex e-con e-child\" data-id=\"f01ecaa\" data-element_type=\"container\" data-settings=\"{&quot;jet_parallax_layout_list&quot;:[]}\">\n\t\t\t\t<div class=\"elementor-element elementor-element-a1fce0f elementor-cta--skin-cover elementor-animated-content elementor-bg-transform elementor-bg-transform-zoom-in elementor-widget elementor-widget-call-to-action\" data-id=\"a1fce0f\" data-element_type=\"widget\" data-widget_type=\"call-to-action.default\">\n\t\t\t\t<div class=\"elementor-widget-container\">\n\t\t\t\t\t\t\t<a class=\"elementor-cta\" href=\"https:\/\/www.onlycast.tv\/become-a-partner\/\">\n\t\t\t\t\t<div class=\"elementor-cta__bg-wrapper\">\n\t\t\t\t<div class=\"elementor-cta__bg elementor-bg\" style=\"background-image: url(https:\/\/www.onlycast.tv\/wp-content\/uploads\/2024\/05\/3d-futuristic-background-with-low-poly-plexus-design-1024x768.jpg);\" role=\"img\" aria-label=\"3D render of a futuristic background with low poly plexus design\"><\/div>\n\t\t\t\t<div class=\"elementor-cta__bg-overlay\"><\/div>\n\t\t\t<\/div>\n\t\t\t\t\t\t\t<div class=\"elementor-cta__content\">\n\t\t\t\t\n\t\t\t\t\t\t\t\t\t<h2 class=\"elementor-cta__title elementor-cta__content-item elementor-content-item elementor-animated-item--grow\">\n\t\t\t\t\t\tTr\u1edf th\u00e0nh \u0110\u1ed1i t\u00e1c\t\t\t\t\t<\/h2>\n\t\t\t\t\n\t\t\t\t\n\t\t\t\t\t\t\t\t\t<div class=\"elementor-cta__button-wrapper elementor-cta__content-item elementor-content-item elementor-animated-item--grow\">\n\t\t\t\t\t<span class=\"elementor-cta__button elementor-button elementor-size-\">\n\t\t\t\t\t\t \u0110i\t\t\t\t\t<\/span>\n\t\t\t\t\t<\/div>\n\t\t\t\t\t\t\t<\/div>\n\t\t\t\t\t\t<\/a>\n\t\t\t\t\t\t<\/div>\n\t\t\t\t<\/div>\n\t\t\t\t<\/div>\n\t\t\t\t<\/div>\n\t\t\t\t<section class=\"elementor-section elementor-top-section elementor-element elementor-element-2ae40ce elementor-section-boxed elementor-section-height-default elementor-section-height-default\" data-id=\"2ae40ce\" data-element_type=\"section\" data-settings=\"{&quot;jet_parallax_layout_list&quot;:[]}\">\n\t\t\t\t\t\t<div class=\"elementor-container elementor-column-gap-default\">\n\t\t\t\t\t<div class=\"elementor-column elementor-col-100 elementor-top-column elementor-element elementor-element-8b535dc\" data-id=\"8b535dc\" data-element_type=\"column\">\n\t\t\t<div class=\"elementor-widget-wrap elementor-element-populated\">\n\t\t\t\t\t\t<div class=\"elementor-element elementor-element-c3aa276 elementor-widget elementor-widget-spacer\" data-id=\"c3aa276\" data-element_type=\"widget\" data-widget_type=\"spacer.default\">\n\t\t\t\t<div class=\"elementor-widget-container\">\n\t\t\t\t\t\t\t<div class=\"elementor-spacer\">\n\t\t\t<div class=\"elementor-spacer-inner\"><\/div>\n\t\t<\/div>\n\t\t\t\t\t\t<\/div>\n\t\t\t\t<\/div>\n\t\t\t\t\t<\/div>\n\t\t<\/div>\n\t\t\t\t\t<\/div>\n\t\t<\/section>\n\t\t\t\t<\/div>","protected":false},"excerpt":{"rendered":"<p>Partnership OnlyCast is available worldwide thanks to the invaluable support and collaboration of our local partners. We\u2019re always excited to welcome new partners eager to bring OnlyCast to their local communities. Find a Partner Go Become a Partner Go Find a Partner Go Become a Partner Go<\/p>","protected":false},"author":5,"featured_media":0,"parent":0,"menu_order":0,"comment_status":"closed","ping_status":"closed","template":"","meta":{"footnotes":""},"class_list":["post-3433","page","type-page","status-publish","hentry"],"yoast_head":"<!-- This site is optimized with the Yoast SEO plugin v26.3 - https:\/\/yoast.com\/wordpress\/plugins\/seo\/ -->\n<title>Partnership - OnlyCast<\/title>\n<meta name=\"description\" content=\"OnlyCast is available worldwide thanks to the invaluable support and collaboration of our local partners. We\u2019re always excited to welcome new\" \/>\n<meta name=\"robots\" content=\"index, follow, max-snippet:-1, max-image-preview:large, max-video-preview:-1\" \/>\n<link rel=\"canonical\" href=\"https:\/\/www.onlycast.tv\/vi\/hop-tac\/\" \/>\n<meta property=\"og:locale\" content=\"vi_VN\" \/>\n<meta property=\"og:type\" content=\"article\" \/>\n<meta property=\"og:title\" content=\"Partnership - OnlyCast\" \/>\n<meta property=\"og:description\" content=\"OnlyCast is available worldwide thanks to the invaluable support and collaboration of our local partners. We\u2019re always excited to welcome new\" \/>\n<meta property=\"og:url\" content=\"https:\/\/www.onlycast.tv\/vi\/hop-tac\/\" \/>\n<meta property=\"og:site_name\" content=\"OnlyCast\" \/>\n<meta property=\"article:publisher\" content=\"https:\/\/www.facebook.com\/solvacom\" \/>\n<meta property=\"article:modified_time\" content=\"2025-01-13T17:07:55+00:00\" \/>\n<meta name=\"twitter:card\" content=\"summary_large_image\" \/>\n<meta name=\"twitter:site\" content=\"@solvacom\" \/>\n<meta name=\"twitter:label1\" content=\"\u01af\u1edbc t\u00ednh th\u1eddi gian \u0111\u1ecdc\" \/>\n\t<meta name=\"twitter:data1\" content=\"1 ph\u00fat\" \/>\n<script type=\"application\/ld+json\" class=\"yoast-schema-graph\">{\"@context\":\"https:\/\/schema.org\",\"@graph\":[{\"@type\":\"WebPage\",\"@id\":\"https:\/\/www.onlycast.tv\/partnership\/\",\"url\":\"https:\/\/www.onlycast.tv\/partnership\/\",\"name\":\"Partnership - OnlyCast\",\"isPartOf\":{\"@id\":\"https:\/\/www.onlycast.tv\/es\/#website\"},\"datePublished\":\"2024-11-12T14:55:23+00:00\",\"dateModified\":\"2025-01-13T17:07:55+00:00\",\"description\":\"OnlyCast is available worldwide thanks to the invaluable support and collaboration of our local partners. We\u2019re always excited to welcome new\",\"breadcrumb\":{\"@id\":\"https:\/\/www.onlycast.tv\/partnership\/#breadcrumb\"},\"inLanguage\":\"vi\",\"potentialAction\":[{\"@type\":\"ReadAction\",\"target\":[\"https:\/\/www.onlycast.tv\/partnership\/\"]}]},{\"@type\":\"BreadcrumbList\",\"@id\":\"https:\/\/www.onlycast.tv\/partnership\/#breadcrumb\",\"itemListElement\":[{\"@type\":\"ListItem\",\"position\":1,\"name\":\"Home\",\"item\":\"https:\/\/www.onlycast.tv\/\"},{\"@type\":\"ListItem\",\"position\":2,\"name\":\"Partnership\"}]},{\"@type\":\"WebSite\",\"@id\":\"https:\/\/www.onlycast.tv\/es\/#website\",\"url\":\"https:\/\/www.onlycast.tv\/es\/\",\"name\":\"Onlycast - Chromecast solution for hotels\",\"description\":\"Simple TV cast solution for hotels\",\"publisher\":{\"@id\":\"https:\/\/www.onlycast.tv\/es\/#organization\"},\"potentialAction\":[{\"@type\":\"SearchAction\",\"target\":{\"@type\":\"EntryPoint\",\"urlTemplate\":\"https:\/\/www.onlycast.tv\/es\/?s={search_term_string}\"},\"query-input\":{\"@type\":\"PropertyValueSpecification\",\"valueRequired\":true,\"valueName\":\"search_term_string\"}}],\"inLanguage\":\"vi\"},{\"@type\":\"Organization\",\"@id\":\"https:\/\/www.onlycast.tv\/es\/#organization\",\"name\":\"Onlycast\",\"url\":\"https:\/\/www.onlycast.tv\/es\/\",\"logo\":{\"@type\":\"ImageObject\",\"inLanguage\":\"vi\",\"@id\":\"https:\/\/www.onlycast.tv\/es\/#\/schema\/logo\/image\/\",\"url\":\"https:\/\/www.onlycast.tv\/wp-content\/uploads\/2020\/04\/favicon.ico\",\"contentUrl\":\"https:\/\/www.onlycast.tv\/wp-content\/uploads\/2020\/04\/favicon.ico\",\"width\":48,\"height\":48,\"caption\":\"Onlycast\"},\"image\":{\"@id\":\"https:\/\/www.onlycast.tv\/es\/#\/schema\/logo\/image\/\"},\"sameAs\":[\"https:\/\/www.facebook.com\/solvacom\",\"https:\/\/x.com\/solvacom\",\"https:\/\/www.instagram.com\/solvacom1\/\",\"http:\/\/www.linkedin.com\/company\/solvacom\"]}]}<\/script>\n<!-- \/ Yoast SEO plugin. -->","yoast_head_json":{"title":"h\u1ee3p t\u00e1c - OnlyCast","description":"OnlyCast c\u00f3 m\u1eb7t tr\u00ean to\u00e0n th\u1ebf gi\u1edbi nh\u1edd s\u1ef1 h\u1ed7 tr\u1ee3 v\u00f4 gi\u00e1 v\u00e0 h\u1ee3p t\u00e1c c\u1ee7a c\u00e1c \u0111\u1ed1i t\u00e1c \u0111\u1ecba ph\u01b0\u01a1ng. Ch\u00fang t\u00f4i lu\u00f4n vui m\u1eebng ch\u00e0o \u0111\u00f3n c\u00e1c \u0111\u1ed1i t\u00e1c m\u1edbi","robots":{"index":"index","follow":"follow","max-snippet":"max-snippet:-1","max-image-preview":"max-image-preview:large","max-video-preview":"max-video-preview:-1"},"canonical":"https:\/\/www.onlycast.tv\/vi\/hop-tac\/","og_locale":"vi_VN","og_type":"article","og_title":"Partnership - OnlyCast","og_description":"OnlyCast is available worldwide thanks to the invaluable support and collaboration of our local partners. We\u2019re always excited to welcome new","og_url":"https:\/\/www.onlycast.tv\/vi\/hop-tac\/","og_site_name":"OnlyCast","article_publisher":"https:\/\/www.facebook.com\/solvacom","article_modified_time":"2025-01-13T17:07:55+00:00","twitter_card":"summary_large_image","twitter_site":"@solvacom","twitter_misc":{"\u01af\u1edbc t\u00ednh th\u1eddi gian \u0111\u1ecdc":"1 ph\u00fat"},"schema":{"@context":"https:\/\/schema.org","@graph":[{"@type":"WebPage","@id":"https:\/\/www.onlycast.tv\/partnership\/","url":"https:\/\/www.onlycast.tv\/partnership\/","name":"h\u1ee3p t\u00e1c - OnlyCast","isPartOf":{"@id":"https:\/\/www.onlycast.tv\/es\/#website"},"datePublished":"2024-11-12T14:55:23+00:00","dateModified":"2025-01-13T17:07:55+00:00","description":"OnlyCast c\u00f3 m\u1eb7t tr\u00ean to\u00e0n th\u1ebf gi\u1edbi nh\u1edd s\u1ef1 h\u1ed7 tr\u1ee3 v\u00f4 gi\u00e1 v\u00e0 h\u1ee3p t\u00e1c c\u1ee7a c\u00e1c \u0111\u1ed1i t\u00e1c \u0111\u1ecba ph\u01b0\u01a1ng. Ch\u00fang t\u00f4i lu\u00f4n vui m\u1eebng ch\u00e0o \u0111\u00f3n c\u00e1c \u0111\u1ed1i t\u00e1c m\u1edbi","breadcrumb":{"@id":"https:\/\/www.onlycast.tv\/partnership\/#breadcrumb"},"inLanguage":"vi","potentialAction":[{"@type":"ReadAction","target":["https:\/\/www.onlycast.tv\/partnership\/"]}]},{"@type":"BreadcrumbList","@id":"https:\/\/www.onlycast.tv\/partnership\/#breadcrumb","itemListElement":[{"@type":"ListItem","position":1,"name":"Home","item":"https:\/\/www.onlycast.tv\/"},{"@type":"ListItem","position":2,"name":"Partnership"}]},{"@type":"WebSite","@id":"https:\/\/www.onlycast.tv\/es\/#website","url":"https:\/\/www.onlycast.tv\/es\/","name":"OnlyCast - Gi\u1ea3i ph\u00e1p Chromecast cho kh\u00e1ch s\u1ea1n","description":"Gi\u1ea3i ph\u00e1p \u0111\u01a1n gi\u1ea3n ph\u00e1t s\u00f3ng TV cho kh\u00e1ch s\u1ea1n","publisher":{"@id":"https:\/\/www.onlycast.tv\/es\/#organization"},"potentialAction":[{"@type":"SearchAction","target":{"@type":"EntryPoint","urlTemplate":"https:\/\/www.onlycast.tv\/es\/?s={search_term_string}"},"query-input":{"@type":"PropertyValueSpecification","valueRequired":true,"valueName":"search_term_string"}}],"inLanguage":"vi"},{"@type":"Organization","@id":"https:\/\/www.onlycast.tv\/es\/#organization","name":"Onlycast","url":"https:\/\/www.onlycast.tv\/es\/","logo":{"@type":"ImageObject","inLanguage":"vi","@id":"https:\/\/www.onlycast.tv\/es\/#\/schema\/logo\/image\/","url":"https:\/\/www.onlycast.tv\/wp-content\/uploads\/2020\/04\/favicon.ico","contentUrl":"https:\/\/www.onlycast.tv\/wp-content\/uploads\/2020\/04\/favicon.ico","width":48,"height":48,"caption":"Onlycast"},"image":{"@id":"https:\/\/www.onlycast.tv\/es\/#\/schema\/logo\/image\/"},"sameAs":["https:\/\/www.facebook.com\/solvacom","https:\/\/x.com\/solvacom","https:\/\/www.instagram.com\/solvacom1\/","http:\/\/www.linkedin.com\/company\/solvacom"]}]}},"_links":{"self":[{"href":"https:\/\/www.onlycast.tv\/vi\/wp-json\/wp\/v2\/pages\/3433","targetHints":{"allow":["GET"]}}],"collection":[{"href":"https:\/\/www.onlycast.tv\/vi\/wp-json\/wp\/v2\/pages"}],"about":[{"href":"https:\/\/www.onlycast.tv\/vi\/wp-json\/wp\/v2\/types\/page"}],"author":[{"embeddable":true,"href":"https:\/\/www.onlycast.tv\/vi\/wp-json\/wp\/v2\/users\/5"}],"replies":[{"embeddable":true,"href":"https:\/\/www.onlycast.tv\/vi\/wp-json\/wp\/v2\/comments?post=3433"}],"version-history":[{"count":97,"href":"https:\/\/www.onlycast.tv\/vi\/wp-json\/wp\/v2\/pages\/3433\/revisions"}],"predecessor-version":[{"id":7771,"href":"https:\/\/www.onlycast.tv\/vi\/wp-json\/wp\/v2\/pages\/3433\/revisions\/7771"}],"wp:attachment":[{"href":"https:\/\/www.onlycast.tv\/vi\/wp-json\/wp\/v2\/media?parent=3433"}],"curies":[{"name":"wp","href":"https:\/\/api.w.org\/{rel}","templated":true}]}}