{"id":4384,"date":"2024-09-23T16:24:20","date_gmt":"2024-09-23T16:24:20","guid":{"rendered":"https:\/\/www.onlycast.tv\/?page_id=4384"},"modified":"2024-10-02T16:09:01","modified_gmt":"2024-10-02T16:09:01","slug":"price-estimator","status":"publish","type":"page","link":"https:\/\/www.onlycast.tv\/de\/price-estimator\/","title":{"rendered":"Price Estimator"},"content":{"rendered":"<div data-elementor-type=\"wp-page\" data-elementor-id=\"4384\" class=\"elementor elementor-4384\" data-elementor-post-type=\"page\">\n\t\t\t\t\t\t<section class=\"elementor-section elementor-top-section elementor-element elementor-element-bdf4872 elementor-section-boxed elementor-section-height-default elementor-section-height-default\" data-id=\"bdf4872\" data-element_type=\"section\" data-settings=\"{&quot;jet_parallax_layout_list&quot;:[]}\">\n\t\t\t\t\t\t<div class=\"elementor-container elementor-column-gap-default\">\n\t\t\t\t\t<div class=\"elementor-column elementor-col-100 elementor-top-column elementor-element elementor-element-e8f1dd1\" data-id=\"e8f1dd1\" data-element_type=\"column\">\n\t\t\t<div class=\"elementor-widget-wrap elementor-element-populated\">\n\t\t\t\t\t\t<div class=\"elementor-element elementor-element-ece8a87 elementor-button-align-start elementor-widget elementor-widget-form\" data-id=\"ece8a87\" data-element_type=\"widget\" data-settings=\"{&quot;button_width&quot;:&quot;50&quot;,&quot;step_next_label&quot;:&quot;netcvewy&quot;,&quot;step_previous_label&quot;:&quot; verfravfed&quot;,&quot;step_type&quot;:&quot;none&quot;,&quot;step_icon_shape&quot;:&quot;none&quot;}\" data-widget_type=\"form.default\">\n\t\t\t\t<div class=\"elementor-widget-container\">\n\t\t\t\t\t\t\t<form class=\"elementor-form\" method=\"post\" name=\"Price Estimator\" aria-label=\"Price Estimator\" action=\"\">\n\t\t\t<input type=\"hidden\" name=\"post_id\" value=\"4384\"\/>\n\t\t\t<input type=\"hidden\" name=\"form_id\" value=\"ece8a87\"\/>\n\t\t\t<input type=\"hidden\" name=\"referer_title\" value=\"Price Estimator - OnlyCast\" \/>\n\n\t\t\t\t\t\t\t<input type=\"hidden\" name=\"queried_id\" value=\"4384\"\/>\n\t\t\t\n\t\t\t<div class=\"elementor-form-fields-wrapper elementor-labels-above\">\n\t\t\t\t\t\t\t\t<div class=\"elementor-field-type-step elementor-field-group elementor-column elementor-field-group-field_4945b6f elementor-col-100\">\n\t\t\t\t\t\t\t<div class=\"e-field-step elementor-hidden\" data-label=\"\" data-previousbutton=\"\" data-nextbutton=\"\" data-iconurl=\"\" data-iconlibrary=\"fas fa-star\" data-icon=\"&lt;svg class=&quot;e-font-icon-svg e-fas-star&quot; viewBox=&quot;0 0 576 512&quot; xmlns=&quot;http:\/\/www.w3.org\/2000\/svg&quot;&gt;&lt;path d=&quot;M259.3 17.8L194 150.2 47.9 171.5c-26.2 3.8-36.7 36.1-17.7 54.6l105.7 103-25 145.5c-4.5 26.3 23.2 46 46.4 33.7L288 439.6l130.7 68.7c23.2 12.2 50.9-7.4 46.4-33.7l-25-145.5 105.7-103c19-18.5 8.5-50.8-17.7-54.6L382 150.2 316.7 17.8c-11.7-23.6-45.6-23.9-57.4 0z&quot;&gt;&lt;\/path&gt;&lt;\/svg&gt;\" ><\/div>\n\n\t\t\t\t\t\t<\/div>\n\t\t\t\t\t\t\t\t<div class=\"elementor-field-type-text elementor-field-group elementor-column elementor-field-group-name elementor-col-100\">\n\t\t\t\t\t\t\t\t\t\t\t\t<label for=\"form-field-name\" class=\"elementor-field-label\">\n\t\t\t\t\t\t\t\tName\t\t\t\t\t\t\t<\/label>\n\t\t\t\t\t\t\t\t\t\t\t\t\t\t<input size=\"1\" type=\"text\" name=\"form_fields[name]\" id=\"form-field-name\" class=\"elementor-field elementor-size-sm  elementor-field-textual\">\n\t\t\t\t\t\t\t\t\t\t\t<\/div>\n\t\t\t\t\t\t\t\t<div class=\"elementor-field-type-email elementor-field-group elementor-column elementor-field-group-email elementor-col-40\">\n\t\t\t\t\t\t\t\t\t\t\t\t<label for=\"form-field-email\" class=\"elementor-field-label\">\n\t\t\t\t\t\t\t\tE-Mail\t\t\t\t\t\t\t<\/label>\n\t\t\t\t\t\t\t\t\t\t\t\t\t\t<input size=\"1\" type=\"email\" name=\"form_fields[email]\" id=\"form-field-email\" class=\"elementor-field elementor-size-sm  elementor-field-textual\">\n\t\t\t\t\t\t\t\t\t\t\t<\/div>\n\t\t\t\t\t\t\t\t<div class=\"elementor-field-type-number elementor-field-group elementor-column elementor-field-group-rooms elementor-col-33 elementor-field-required elementor-mark-required\">\n\t\t\t\t\t\t\t\t\t\t\t\t<label for=\"form-field-rooms\" class=\"elementor-field-label\">\n\t\t\t\t\t\t\t\tNumber of rooms\/TVs\t\t\t\t\t\t\t<\/label>\n\t\t\t\t\t\t\t\t\t<input type=\"number\" name=\"form_fields[rooms]\" id=\"form-field-rooms\" class=\"elementor-field elementor-size-sm  elementor-field-textual\" required=\"required\" min=\"1\" max=\"500\" >\n\t\t\t\t\t\t<\/div>\n\t\t\t\t\t\t\t\t<div class=\"elementor-field-type-radio elementor-field-group elementor-column elementor-field-group-chromelocks elementor-col-100 elementor-field-required elementor-mark-required\">\n\t\t\t\t\t\t\t\t\t\t\t\t<label for=\"form-field-chromelocks\" class=\"elementor-field-label\">\n\t\t\t\t\t\t\t\tChromelocks (optional accessory)\t\t\t\t\t\t\t<\/label>\n\t\t\t\t\t\t<div class=\"elementor-field-subgroup\"><span class=\"elementor-field-option\"><input type=\"radio\" value=\"19.90\" id=\"form-field-chromelocks-0\" name=\"form_fields[chromelocks]\" required=\"required\"> <label for=\"form-field-chromelocks-0\">Included<\/label><\/span><span class=\"elementor-field-option\"><input type=\"radio\" value=\"0\" id=\"form-field-chromelocks-1\" name=\"form_fields[chromelocks]\" required=\"required\"> <label for=\"form-field-chromelocks-1\">Not included<\/label><\/span><\/div>\t\t\t\t<\/div>\n\t\t\t\t\t\t\t\t<div class=\"elementor-field-type-select elementor-field-group elementor-column elementor-field-group-install elementor-col-50 elementor-field-required elementor-mark-required\">\n\t\t\t\t\t\t\t\t\t\t\t\t<label for=\"form-field-install\" class=\"elementor-field-label\">\n\t\t\t\t\t\t\t\tDeployment and Installation Options\t\t\t\t\t\t\t<\/label>\n\t\t\t\t\t\t\t\t<div class=\"elementor-field elementor-select-wrapper remove-before\">\n\t\t\t<div class=\"select-caret-down-wrapper\">\n\t\t\t\t<svg aria-hidden=\"true\" class=\"e-font-icon-svg e-eicon-caret-down\" viewbox=\"0 0 571.4 571.4\" xmlns=\"http:\/\/www.w3.org\/2000\/svg\"><path d=\"M571 393Q571 407 561 418L311 668Q300 679 286 679T261 668L11 418Q0 407 0 393T11 368 36 357H536Q550 357 561 368T571 393Z\"><\/path><\/svg>\t\t\t<\/div>\n\t\t\t<select name=\"form_fields[install]\" id=\"form-field-install\" class=\"elementor-field-textual elementor-size-sm\" required=\"required\">\n\t\t\t\t\t\t\t\t\t<option value=\" 0\">Self-Service: You configure and install the devices yourself<\/option>\n\t\t\t\t\t\t\t\t\t<option value=\"30\">Partial Service: We configure the devices; you handle the installation (most popular)<\/option>\n\t\t\t\t\t\t\t\t\t<option value=\"60\">Full Service: We take care of configuration and installation<\/option>\n\t\t\t\t\t\t\t<\/select>\n\t\t<\/div>\n\t\t\t\t\t\t<\/div>\n\t\t\t\t\t\t\t\t<div class=\"elementor-field-type-number elementor-field-group elementor-column elementor-field-group-total elementor-col-100\">\n\t\t\t\t\t\t\t\t\t\t\t\t<label for=\"form-field-total\" class=\"elementor-field-label\">\n\t\t\t\t\t\t\t\tEstimated Total (USD)\t\t\t\t\t\t\t<\/label>\n\t\t\t\t\t\t\t\t\t<input type=\"number\" name=\"form_fields[total]\" id=\"form-field-total\" class=\"elementor-field elementor-size-sm  elementor-field-textual\" value=\"[form:field_number]*[form:field_chromelock]+[form:field_number]*[68.80]+[form:field_number]*[form:field_install]\" min=\"\" max=\"\" >\n\t\t\t\t\t\t<\/div>\n\t\t\t\t\t\t\t\t<div class=\"elementor-field-group elementor-column elementor-field-type-submit elementor-col-50 e-form__buttons\">\n\t\t\t\t\t<button class=\"elementor-button elementor-size-sm\" type=\"submit\">\n\t\t\t\t\t\t<span class=\"elementor-button-content-wrapper\">\n\t\t\t\t\t\t\t\t\t\t\t\t\t\t\t\t\t\t\t\t\t\t<span class=\"elementor-button-text\">view my estimate<\/span>\n\t\t\t\t\t\t\t\t\t\t\t\t\t<\/span>\n\t\t\t\t\t<\/button>\n\t\t\t\t<\/div>\n\t\t\t<\/div>\n\t\t<input type=\"hidden\" name=\"trp-form-language\" value=\"de\"\/><\/form>\n\t\t\t\t\t\t<\/div>\n\t\t\t\t<\/div>\n\t\t\t\t\t<\/div>\n\t\t<\/div>\n\t\t\t\t\t<\/div>\n\t\t<\/section>\n\t\t\t\t<section class=\"elementor-section elementor-top-section elementor-element elementor-element-44b0863 elementor-section-boxed elementor-section-height-default elementor-section-height-default\" data-id=\"44b0863\" data-element_type=\"section\" data-settings=\"{&quot;jet_parallax_layout_list&quot;:[]}\">\n\t\t\t\t\t\t<div class=\"elementor-container elementor-column-gap-default\">\n\t\t\t\t\t<div class=\"elementor-column elementor-col-100 elementor-top-column elementor-element elementor-element-e00bb0c\" data-id=\"e00bb0c\" data-element_type=\"column\">\n\t\t\t<div class=\"elementor-widget-wrap\">\n\t\t\t\t\t\t\t<\/div>\n\t\t<\/div>\n\t\t\t\t\t<\/div>\n\t\t<\/section>\n\t\t\t\t<section class=\"elementor-section elementor-top-section elementor-element elementor-element-206306a1 elementor-section-boxed elementor-section-height-default elementor-section-height-default\" data-id=\"206306a1\" data-element_type=\"section\" data-settings=\"{&quot;jet_parallax_layout_list&quot;:[]}\">\n\t\t\t\t\t\t<div class=\"elementor-container elementor-column-gap-default\">\n\t\t\t\t\t<div class=\"elementor-column elementor-col-100 elementor-top-column elementor-element elementor-element-5280d297\" data-id=\"5280d297\" data-element_type=\"column\">\n\t\t\t<div class=\"elementor-widget-wrap elementor-element-populated\">\n\t\t\t\t\t\t<div class=\"elementor-element elementor-element-50c44b2d elementor-widget elementor-widget-jet-form-builder-form\" data-id=\"50c44b2d\" data-element_type=\"widget\" data-widget_type=\"jet-form-builder-form.default\">\n\t\t\t\t<div class=\"elementor-widget-container\">\n\t\t\t\t\t<link rel='stylesheet' id='wp-block-library-css' href='https:\/\/www.onlycast.tv\/wp-includes\/css\/dist\/block-library\/style.min.css?ver=6.8.5' type='text\/css' media='all' \/>\nPlease select form to show\t\t\t\t<\/div>\n\t\t\t\t<\/div>\n\t\t\t\t\t<\/div>\n\t\t<\/div>\n\t\t\t\t\t<\/div>\n\t\t<\/section>\n\t\t\t\t<section class=\"elementor-section elementor-top-section elementor-element elementor-element-4d71151a elementor-section-boxed elementor-section-height-default elementor-section-height-default\" data-id=\"4d71151a\" data-element_type=\"section\" data-settings=\"{&quot;jet_parallax_layout_list&quot;:[]}\">\n\t\t\t\t\t\t<div class=\"elementor-container elementor-column-gap-default\">\n\t\t\t\t\t<div class=\"elementor-column elementor-col-100 elementor-top-column elementor-element elementor-element-abf347\" data-id=\"abf347\" data-element_type=\"column\">\n\t\t\t<div class=\"elementor-widget-wrap elementor-element-populated\">\n\t\t\t\t\t\t<div class=\"elementor-element elementor-element-34d214f2 elementor-widget elementor-widget-jet-form-builder-form\" data-id=\"34d214f2\" data-element_type=\"widget\" data-widget_type=\"jet-form-builder-form.default\">\n\t\t\t\t<div class=\"elementor-widget-container\">\n\t\t\t\t\tPlease select form to show\t\t\t\t<\/div>\n\t\t\t\t<\/div>\n\t\t\t\t\t<\/div>\n\t\t<\/div>\n\t\t\t\t\t<\/div>\n\t\t<\/section>\n\t\t\t\t<section class=\"elementor-section elementor-top-section elementor-element elementor-element-649e7196 elementor-section-boxed elementor-section-height-default elementor-section-height-default\" data-id=\"649e7196\" data-element_type=\"section\" data-settings=\"{&quot;jet_parallax_layout_list&quot;:[]}\">\n\t\t\t\t\t\t<div class=\"elementor-container elementor-column-gap-default\">\n\t\t\t\t\t<div class=\"elementor-column elementor-col-100 elementor-top-column elementor-element elementor-element-5de5bb79\" data-id=\"5de5bb79\" data-element_type=\"column\">\n\t\t\t<div class=\"elementor-widget-wrap elementor-element-populated\">\n\t\t\t\t\t\t<div class=\"elementor-element elementor-element-270097e9 elementor-widget elementor-widget-jet-form-builder-form\" data-id=\"270097e9\" data-element_type=\"widget\" data-widget_type=\"jet-form-builder-form.default\">\n\t\t\t\t<div class=\"elementor-widget-container\">\n\t\t\t\t\tPlease select form to show\t\t\t\t<\/div>\n\t\t\t\t<\/div>\n\t\t\t\t\t<\/div>\n\t\t<\/div>\n\t\t\t\t\t<\/div>\n\t\t<\/section>\n\t\t\t\t<\/div>","protected":false},"excerpt":{"rendered":"<p>Name: * Email: * Number of TVs: * add Chromelocks (optional): * Installation and Deployment Option: * Self-Install: You manage configuration and installationAssisted Install: We configure the devices, you manage installationFull Install: We manage the complete configuration and install of all components Total Amount: &nbsp;$ 0.00 Name: * Email: * Number of TVs: * add [&hellip;]<\/p>","protected":false},"author":5,"featured_media":0,"parent":0,"menu_order":0,"comment_status":"closed","ping_status":"closed","template":"","meta":{"footnotes":""},"class_list":["post-4384","page","type-page","status-publish","hentry"],"yoast_head":"<!-- This site is optimized with the Yoast SEO plugin v26.3 - https:\/\/yoast.com\/wordpress\/plugins\/seo\/ -->\n<title>Price Estimator - OnlyCast<\/title>\n<meta name=\"robots\" content=\"index, follow, max-snippet:-1, max-image-preview:large, max-video-preview:-1\" \/>\n<link rel=\"canonical\" href=\"https:\/\/www.onlycast.tv\/de\/price-estimator\/\" \/>\n<meta property=\"og:locale\" content=\"de_DE\" \/>\n<meta property=\"og:type\" content=\"article\" \/>\n<meta property=\"og:title\" content=\"Price Estimator - OnlyCast\" \/>\n<meta property=\"og:description\" content=\"Name: * Email: * Number of TVs: * add Chromelocks (optional): * Installation and Deployment Option: * Self-Install: You manage configuration and installationAssisted Install: We configure the devices, you manage installationFull Install: We manage the complete configuration and install of all components Total Amount: &nbsp;$ 0.00 Name: * Email: * Number of TVs: * add [&hellip;]\" \/>\n<meta property=\"og:url\" content=\"https:\/\/www.onlycast.tv\/de\/price-estimator\/\" \/>\n<meta property=\"og:site_name\" content=\"OnlyCast\" \/>\n<meta property=\"article:publisher\" content=\"https:\/\/www.facebook.com\/solvacom\" \/>\n<meta property=\"article:modified_time\" content=\"2024-10-02T16:09:01+00:00\" \/>\n<meta name=\"twitter:card\" content=\"summary_large_image\" \/>\n<meta name=\"twitter:site\" content=\"@solvacom\" \/>\n<meta name=\"twitter:label1\" content=\"Gesch\u00e4tzte Lesezeit\" \/>\n\t<meta name=\"twitter:data1\" content=\"1\u00a0Minute\" \/>\n<script type=\"application\/ld+json\" class=\"yoast-schema-graph\">{\"@context\":\"https:\/\/schema.org\",\"@graph\":[{\"@type\":\"WebPage\",\"@id\":\"https:\/\/www.onlycast.tv\/price-estimator\/\",\"url\":\"https:\/\/www.onlycast.tv\/price-estimator\/\",\"name\":\"Price Estimator - OnlyCast\",\"isPartOf\":{\"@id\":\"https:\/\/www.onlycast.tv\/es\/#website\"},\"datePublished\":\"2024-09-23T16:24:20+00:00\",\"dateModified\":\"2024-10-02T16:09:01+00:00\",\"breadcrumb\":{\"@id\":\"https:\/\/www.onlycast.tv\/price-estimator\/#breadcrumb\"},\"inLanguage\":\"de\",\"potentialAction\":[{\"@type\":\"ReadAction\",\"target\":[\"https:\/\/www.onlycast.tv\/price-estimator\/\"]}]},{\"@type\":\"BreadcrumbList\",\"@id\":\"https:\/\/www.onlycast.tv\/price-estimator\/#breadcrumb\",\"itemListElement\":[{\"@type\":\"ListItem\",\"position\":1,\"name\":\"Home\",\"item\":\"https:\/\/www.onlycast.tv\/\"},{\"@type\":\"ListItem\",\"position\":2,\"name\":\"Price Estimator\"}]},{\"@type\":\"WebSite\",\"@id\":\"https:\/\/www.onlycast.tv\/es\/#website\",\"url\":\"https:\/\/www.onlycast.tv\/es\/\",\"name\":\"Onlycast - Chromecast solution for hotels\",\"description\":\"Simple TV cast solution for hotels\",\"publisher\":{\"@id\":\"https:\/\/www.onlycast.tv\/es\/#organization\"},\"potentialAction\":[{\"@type\":\"SearchAction\",\"target\":{\"@type\":\"EntryPoint\",\"urlTemplate\":\"https:\/\/www.onlycast.tv\/es\/?s={search_term_string}\"},\"query-input\":{\"@type\":\"PropertyValueSpecification\",\"valueRequired\":true,\"valueName\":\"search_term_string\"}}],\"inLanguage\":\"de\"},{\"@type\":\"Organization\",\"@id\":\"https:\/\/www.onlycast.tv\/es\/#organization\",\"name\":\"Onlycast\",\"url\":\"https:\/\/www.onlycast.tv\/es\/\",\"logo\":{\"@type\":\"ImageObject\",\"inLanguage\":\"de\",\"@id\":\"https:\/\/www.onlycast.tv\/es\/#\/schema\/logo\/image\/\",\"url\":\"https:\/\/www.onlycast.tv\/wp-content\/uploads\/2020\/04\/favicon.ico\",\"contentUrl\":\"https:\/\/www.onlycast.tv\/wp-content\/uploads\/2020\/04\/favicon.ico\",\"width\":48,\"height\":48,\"caption\":\"Onlycast\"},\"image\":{\"@id\":\"https:\/\/www.onlycast.tv\/es\/#\/schema\/logo\/image\/\"},\"sameAs\":[\"https:\/\/www.facebook.com\/solvacom\",\"https:\/\/x.com\/solvacom\",\"https:\/\/www.instagram.com\/solvacom1\/\",\"http:\/\/www.linkedin.com\/company\/solvacom\"]}]}<\/script>\n<!-- \/ Yoast SEO plugin. -->","yoast_head_json":{"title":"Price Estimator - OnlyCast","robots":{"index":"index","follow":"follow","max-snippet":"max-snippet:-1","max-image-preview":"max-image-preview:large","max-video-preview":"max-video-preview:-1"},"canonical":"https:\/\/www.onlycast.tv\/de\/price-estimator\/","og_locale":"de_DE","og_type":"article","og_title":"Price Estimator - OnlyCast","og_description":"Name: * Email: * Number of TVs: * add Chromelocks (optional): * Installation and Deployment Option: * Self-Install: You manage configuration and installationAssisted Install: We configure the devices, you manage installationFull Install: We manage the complete configuration and install of all components Total Amount: &nbsp;$ 0.00 Name: * Email: * Number of TVs: * add [&hellip;]","og_url":"https:\/\/www.onlycast.tv\/de\/price-estimator\/","og_site_name":"OnlyCast","article_publisher":"https:\/\/www.facebook.com\/solvacom","article_modified_time":"2024-10-02T16:09:01+00:00","twitter_card":"summary_large_image","twitter_site":"@solvacom","twitter_misc":{"Gesch\u00e4tzte Lesezeit":"1\u00a0Minute"},"schema":{"@context":"https:\/\/schema.org","@graph":[{"@type":"WebPage","@id":"https:\/\/www.onlycast.tv\/price-estimator\/","url":"https:\/\/www.onlycast.tv\/price-estimator\/","name":"Price Estimator - OnlyCast","isPartOf":{"@id":"https:\/\/www.onlycast.tv\/es\/#website"},"datePublished":"2024-09-23T16:24:20+00:00","dateModified":"2024-10-02T16:09:01+00:00","breadcrumb":{"@id":"https:\/\/www.onlycast.tv\/price-estimator\/#breadcrumb"},"inLanguage":"de","potentialAction":[{"@type":"ReadAction","target":["https:\/\/www.onlycast.tv\/price-estimator\/"]}]},{"@type":"BreadcrumbList","@id":"https:\/\/www.onlycast.tv\/price-estimator\/#breadcrumb","itemListElement":[{"@type":"ListItem","position":1,"name":"Home","item":"https:\/\/www.onlycast.tv\/"},{"@type":"ListItem","position":2,"name":"Price Estimator"}]},{"@type":"WebSite","@id":"https:\/\/www.onlycast.tv\/es\/#website","url":"https:\/\/www.onlycast.tv\/es\/","name":"OnlyCast - Chromecast-L\u00f6sung f\u00fcr Hotels","description":"Einfache TV-Cast-L\u00f6sung f\u00fcr Hotels","publisher":{"@id":"https:\/\/www.onlycast.tv\/es\/#organization"},"potentialAction":[{"@type":"SearchAction","target":{"@type":"EntryPoint","urlTemplate":"https:\/\/www.onlycast.tv\/es\/?s={search_term_string}"},"query-input":{"@type":"PropertyValueSpecification","valueRequired":true,"valueName":"search_term_string"}}],"inLanguage":"de"},{"@type":"Organization","@id":"https:\/\/www.onlycast.tv\/es\/#organization","name":"Onlycast","url":"https:\/\/www.onlycast.tv\/es\/","logo":{"@type":"ImageObject","inLanguage":"de","@id":"https:\/\/www.onlycast.tv\/es\/#\/schema\/logo\/image\/","url":"https:\/\/www.onlycast.tv\/wp-content\/uploads\/2020\/04\/favicon.ico","contentUrl":"https:\/\/www.onlycast.tv\/wp-content\/uploads\/2020\/04\/favicon.ico","width":48,"height":48,"caption":"Onlycast"},"image":{"@id":"https:\/\/www.onlycast.tv\/es\/#\/schema\/logo\/image\/"},"sameAs":["https:\/\/www.facebook.com\/solvacom","https:\/\/x.com\/solvacom","https:\/\/www.instagram.com\/solvacom1\/","http:\/\/www.linkedin.com\/company\/solvacom"]}]}},"_links":{"self":[{"href":"https:\/\/www.onlycast.tv\/de\/wp-json\/wp\/v2\/pages\/4384","targetHints":{"allow":["GET"]}}],"collection":[{"href":"https:\/\/www.onlycast.tv\/de\/wp-json\/wp\/v2\/pages"}],"about":[{"href":"https:\/\/www.onlycast.tv\/de\/wp-json\/wp\/v2\/types\/page"}],"author":[{"embeddable":true,"href":"https:\/\/www.onlycast.tv\/de\/wp-json\/wp\/v2\/users\/5"}],"replies":[{"embeddable":true,"href":"https:\/\/www.onlycast.tv\/de\/wp-json\/wp\/v2\/comments?post=4384"}],"version-history":[{"count":80,"href":"https:\/\/www.onlycast.tv\/de\/wp-json\/wp\/v2\/pages\/4384\/revisions"}],"predecessor-version":[{"id":4749,"href":"https:\/\/www.onlycast.tv\/de\/wp-json\/wp\/v2\/pages\/4384\/revisions\/4749"}],"wp:attachment":[{"href":"https:\/\/www.onlycast.tv\/de\/wp-json\/wp\/v2\/media?parent=4384"}],"curies":[{"name":"wp","href":"https:\/\/api.w.org\/{rel}","templated":true}]}}